{"id":8,"date":"2024-02-14T17:43:12","date_gmt":"2024-02-14T17:43:12","guid":{"rendered":"http:\/\/sklep.krzysztoftabiszewski.pl\/index.php\/koszyk\/"},"modified":"2024-02-14T17:43:12","modified_gmt":"2024-02-14T17:43:12","slug":"koszyk","status":"publish","type":"page","link":"https:\/\/sklep.krzysztoftabiszewski.pl\/index.php\/koszyk\/","title":{"rendered":"Koszyk"},"content":{"rendered":"<div data-block-name=\"woocommerce\/cart\" class=\"wp-block-woocommerce-cart alignwide is-loading\"><div data-block-name=\"woocommerce\/filled-cart-block\" class=\"wp-block-woocommerce-filled-cart-block\"><div data-block-name=\"woocommerce\/cart-items-block\" class=\"wp-block-woocommerce-cart-items-block\"><div data-block-name=\"woocommerce\/cart-line-items-block\" class=\"wp-block-woocommerce-cart-line-items-block\"><\/div>\n\n<div data-block-name=\"woocommerce\/cart-cross-sells-block\" class=\"wp-block-woocommerce-cart-cross-sells-block\">\n<h2 class=\"wp-block-heading has-large-font-size\">Zobacz inne r\u00f3wnie interesuj\u0105ce\u2026<\/h2>\n\n\n<div data-block-name=\"woocommerce\/cart-cross-sells-products-block\" class=\"wp-block-woocommerce-cart-cross-sells-products-block\"><\/div><\/div><\/div>\n\n<div data-block-name=\"woocommerce\/cart-totals-block\" class=\"wp-block-woocommerce-cart-totals-block\"><div data-block-name=\"woocommerce\/cart-order-summary-block\" class=\"wp-block-woocommerce-cart-order-summary-block\"><div data-block-name=\"woocommerce\/cart-order-summary-heading-block\" class=\"wp-block-woocommerce-cart-order-summary-heading-block\"><\/div><div data-block-name=\"woocommerce\/cart-order-summary-coupon-form-block\" class=\"wp-block-woocommerce-cart-order-summary-coupon-form-block\"><\/div><div data-block-name=\"woocommerce\/cart-order-summary-totals-block\" class=\"wp-block-woocommerce-cart-order-summary-totals-block\">\n<div data-block-name=\"woocommerce\/cart-order-summary-subtotal-block\" class=\"wp-block-woocommerce-cart-order-summary-subtotal-block\"><\/div>\n<div data-block-name=\"woocommerce\/cart-order-summary-discount-block\" class=\"wp-block-woocommerce-cart-order-summary-discount-block\"><\/div>\n<div data-block-name=\"woocommerce\/cart-order-summary-fee-block\" class=\"wp-block-woocommerce-cart-order-summary-fee-block\"><\/div>\n<div data-block-name=\"woocommerce\/cart-order-summary-shipping-block\" class=\"wp-block-woocommerce-cart-order-summary-shipping-block\"><\/div>\n<div data-block-name=\"woocommerce\/cart-order-summary-taxes-block\" class=\"wp-block-woocommerce-cart-order-summary-taxes-block\"><\/div><\/div><\/div>\n\n<div data-block-name=\"woocommerce\/cart-express-payment-block\" class=\"wp-block-woocommerce-cart-express-payment-block\"><\/div>\n\n<div data-block-name=\"woocommerce\/proceed-to-checkout-block\" class=\"wp-block-woocommerce-proceed-to-checkout-block\"><\/div>\n\n<div data-block-name=\"woocommerce\/cart-accepted-payment-methods-block\" class=\"wp-block-woocommerce-cart-accepted-payment-methods-block\"><\/div><\/div><\/div>\n\n<div data-block-name=\"woocommerce\/empty-cart-block\" class=\"wp-block-woocommerce-empty-cart-block\">\n<h2 class=\"wp-block-heading has-text-align-center with-empty-cart-icon wc-block-cart__empty-cart__title\">Tw\u00f3j koszyk jest obecnie pusty!<\/h2>\n\n\n\n<hr class=\"wp-block-separator has-alpha-channel-opacity is-style-dots\"\/>\n\n\n\n<h2 class=\"wp-block-heading has-text-align-center\">Nowe w sklepie<\/h2>\n\n\n<div data-block-name=\"woocommerce\/product-new\" data-columns=\"4\" data-rows=\"1\" class=\"wc-block-grid wp-block-product-new wc-block-product-new has-4-columns\"><ul class=\"wc-block-grid__products\"><li class=\"wc-block-grid__product\">\n\t\t\t\t<a href=\"https:\/\/sklep.krzysztoftabiszewski.pl\/index.php\/produkt\/voucher-podaruj-zdrowie\/\" class=\"wc-block-grid__product-link\">\n\t\t\t\t\t\n\t\t\t\t\t<div class=\"wc-block-grid__product-image\"><img loading=\"lazy\" decoding=\"async\" width=\"300\" height=\"300\" src=\"https:\/\/sklep.krzysztoftabiszewski.pl\/wp-content\/uploads\/2024\/12\/Webinar-300x300.jpg\" class=\"attachment-woocommerce_thumbnail size-woocommerce_thumbnail\" alt=\"voucher - podaruj zdrowie!\" srcset=\"https:\/\/sklep.krzysztoftabiszewski.pl\/wp-content\/uploads\/2024\/12\/Webinar-300x300.jpg 300w, https:\/\/sklep.krzysztoftabiszewski.pl\/wp-content\/uploads\/2024\/12\/Webinar-1024x1024.jpg 1024w, https:\/\/sklep.krzysztoftabiszewski.pl\/wp-content\/uploads\/2024\/12\/Webinar-150x150.jpg 150w, https:\/\/sklep.krzysztoftabiszewski.pl\/wp-content\/uploads\/2024\/12\/Webinar-768x768.jpg 768w, https:\/\/sklep.krzysztoftabiszewski.pl\/wp-content\/uploads\/2024\/12\/Webinar-600x600.jpg 600w, https:\/\/sklep.krzysztoftabiszewski.pl\/wp-content\/uploads\/2024\/12\/Webinar-100x100.jpg 100w, https:\/\/sklep.krzysztoftabiszewski.pl\/wp-content\/uploads\/2024\/12\/Webinar.jpg 1080w\" sizes=\"(max-width: 300px) 100vw, 300px\" \/><\/div>\n\t\t\t\t\t<div class=\"wc-block-grid__product-title\">Voucher &#8211; podaruj zdrowie<\/div>\n\t\t\t\t<\/a>\n\t\t\t\t<div class=\"wc-block-grid__product-price price\"><span class=\"woocommerce-Price-amount amount\">190,00&nbsp;<span class=\"woocommerce-Price-currencySymbol\">&#122;&#322;<\/span><\/span><\/div>\n\t\t\t\t\n\t\t\t\t<div class=\"wp-block-button wc-block-grid__product-add-to-cart\"><a href=\"?add-to-cart=256\" aria-label=\"Dodaj do koszyka: &bdquo;Voucher - podaruj zdrowie&rdquo;\" data-quantity=\"1\" data-product_id=\"256\" data-product_sku=\"\" data-price=\"190\" rel=\"nofollow\" class=\"wp-block-button__link wp-element-button add_to_cart_button ajax_add_to_cart\">Dodaj do koszyka<\/a><\/div>\n\t\t\t<\/li><li class=\"wc-block-grid__product\">\n\t\t\t\t<a href=\"https:\/\/sklep.krzysztoftabiszewski.pl\/index.php\/produkt\/pakiet-ebookow-oddech-i-blizna\/\" class=\"wc-block-grid__product-link\">\n\t\t\t\t\t\n\t\t\t\t\t<div class=\"wc-block-grid__product-image\"><img loading=\"lazy\" decoding=\"async\" width=\"300\" height=\"300\" src=\"https:\/\/sklep.krzysztoftabiszewski.pl\/wp-content\/uploads\/2024\/11\/pakiet-ebookow--300x300.jpg\" class=\"attachment-woocommerce_thumbnail size-woocommerce_thumbnail\" alt=\"Pakiet ebook\u00f3w: Oddech i blizna\" srcset=\"https:\/\/sklep.krzysztoftabiszewski.pl\/wp-content\/uploads\/2024\/11\/pakiet-ebookow--300x300.jpg 300w, https:\/\/sklep.krzysztoftabiszewski.pl\/wp-content\/uploads\/2024\/11\/pakiet-ebookow--1024x1024.jpg 1024w, https:\/\/sklep.krzysztoftabiszewski.pl\/wp-content\/uploads\/2024\/11\/pakiet-ebookow--150x150.jpg 150w, https:\/\/sklep.krzysztoftabiszewski.pl\/wp-content\/uploads\/2024\/11\/pakiet-ebookow--768x768.jpg 768w, https:\/\/sklep.krzysztoftabiszewski.pl\/wp-content\/uploads\/2024\/11\/pakiet-ebookow--600x600.jpg 600w, https:\/\/sklep.krzysztoftabiszewski.pl\/wp-content\/uploads\/2024\/11\/pakiet-ebookow--100x100.jpg 100w, https:\/\/sklep.krzysztoftabiszewski.pl\/wp-content\/uploads\/2024\/11\/pakiet-ebookow-.jpg 1080w\" sizes=\"(max-width: 300px) 100vw, 300px\" \/><\/div>\n\t\t\t\t\t<div class=\"wc-block-grid__product-title\">Pakiet ebook\u00f3w: Oddech i blizna<\/div>\n\t\t\t\t<\/a>\n\t\t\t\t<div class=\"wc-block-grid__product-price price\"><span class=\"woocommerce-Price-amount amount\">100,00&nbsp;<span class=\"woocommerce-Price-currencySymbol\">&#122;&#322;<\/span><\/span><\/div>\n\t\t\t\t\n\t\t\t\t<div class=\"wp-block-button wc-block-grid__product-add-to-cart\"><a href=\"?add-to-cart=245\" aria-label=\"Dodaj do koszyka: &bdquo;Pakiet ebook\u00f3w: Oddech i blizna&rdquo;\" data-quantity=\"1\" data-product_id=\"245\" data-product_sku=\"\" data-price=\"100\" rel=\"nofollow\" class=\"wp-block-button__link wp-element-button add_to_cart_button ajax_add_to_cart\">Dodaj do koszyka<\/a><\/div>\n\t\t\t<\/li><li class=\"wc-block-grid__product\">\n\t\t\t\t<a href=\"https:\/\/sklep.krzysztoftabiszewski.pl\/index.php\/produkt\/oddech-przewodnik-po-samoregulacji-stresu\/\" class=\"wc-block-grid__product-link\">\n\t\t\t\t\t\n\t\t\t\t\t<div class=\"wc-block-grid__product-image\"><img loading=\"lazy\" decoding=\"async\" width=\"300\" height=\"300\" src=\"https:\/\/sklep.krzysztoftabiszewski.pl\/wp-content\/uploads\/2024\/11\/Ebook-oddech-przewodnik-po-samoregulacji-stresu-krzysztof-tabiszewski-300x300.jpg\" class=\"attachment-woocommerce_thumbnail size-woocommerce_thumbnail\" alt=\"Ebook oddech przewodnik po samoregulacji stresu krzysztof tabiszewski\" srcset=\"https:\/\/sklep.krzysztoftabiszewski.pl\/wp-content\/uploads\/2024\/11\/Ebook-oddech-przewodnik-po-samoregulacji-stresu-krzysztof-tabiszewski-300x300.jpg 300w, https:\/\/sklep.krzysztoftabiszewski.pl\/wp-content\/uploads\/2024\/11\/Ebook-oddech-przewodnik-po-samoregulacji-stresu-krzysztof-tabiszewski-1024x1024.jpg 1024w, https:\/\/sklep.krzysztoftabiszewski.pl\/wp-content\/uploads\/2024\/11\/Ebook-oddech-przewodnik-po-samoregulacji-stresu-krzysztof-tabiszewski-150x150.jpg 150w, https:\/\/sklep.krzysztoftabiszewski.pl\/wp-content\/uploads\/2024\/11\/Ebook-oddech-przewodnik-po-samoregulacji-stresu-krzysztof-tabiszewski-768x768.jpg 768w, https:\/\/sklep.krzysztoftabiszewski.pl\/wp-content\/uploads\/2024\/11\/Ebook-oddech-przewodnik-po-samoregulacji-stresu-krzysztof-tabiszewski-600x600.jpg 600w, https:\/\/sklep.krzysztoftabiszewski.pl\/wp-content\/uploads\/2024\/11\/Ebook-oddech-przewodnik-po-samoregulacji-stresu-krzysztof-tabiszewski-100x100.jpg 100w, https:\/\/sklep.krzysztoftabiszewski.pl\/wp-content\/uploads\/2024\/11\/Ebook-oddech-przewodnik-po-samoregulacji-stresu-krzysztof-tabiszewski.jpg 1080w\" sizes=\"(max-width: 300px) 100vw, 300px\" \/><\/div>\n\t\t\t\t\t<div class=\"wc-block-grid__product-title\">ebook: Oddech: przewodnik po samoregulacji stresu<\/div>\n\t\t\t\t<\/a>\n\t\t\t\t<div class=\"wc-block-grid__product-price price\"><span class=\"woocommerce-Price-amount amount\">60,00&nbsp;<span class=\"woocommerce-Price-currencySymbol\">&#122;&#322;<\/span><\/span><\/div>\n\t\t\t\t\n\t\t\t\t<div class=\"wp-block-button wc-block-grid__product-add-to-cart\"><a href=\"?add-to-cart=235\" aria-label=\"Dodaj do koszyka: &bdquo;ebook: Oddech: przewodnik po samoregulacji stresu&rdquo;\" data-quantity=\"1\" data-product_id=\"235\" data-product_sku=\"\" data-price=\"60\" rel=\"nofollow\" class=\"wp-block-button__link wp-element-button add_to_cart_button ajax_add_to_cart\">Dodaj do koszyka<\/a><\/div>\n\t\t\t<\/li><li class=\"wc-block-grid__product\">\n\t\t\t\t<a href=\"https:\/\/sklep.krzysztoftabiszewski.pl\/index.php\/produkt\/webinar-pierwsza-praca-jako-fizjoterapeuta\/\" class=\"wc-block-grid__product-link\">\n\t\t\t\t\t\n\t\t\t\t\t<div class=\"wc-block-grid__product-image\"><img loading=\"lazy\" decoding=\"async\" width=\"300\" height=\"300\" src=\"https:\/\/sklep.krzysztoftabiszewski.pl\/wp-content\/uploads\/2024\/08\/WEBINAR-jak-zdobyc-pierwsza-prace-jako-fizjoterapeuta-Krzysztof-Tabiszewski--300x300.png\" class=\"attachment-woocommerce_thumbnail size-woocommerce_thumbnail\" alt=\"WEBINAR jak zdoby\u0107 pierwsz\u0105 prac\u0119 jako fizjoterapeuta Krzysztof Tabiszewski\" srcset=\"https:\/\/sklep.krzysztoftabiszewski.pl\/wp-content\/uploads\/2024\/08\/WEBINAR-jak-zdobyc-pierwsza-prace-jako-fizjoterapeuta-Krzysztof-Tabiszewski--300x300.png 300w, https:\/\/sklep.krzysztoftabiszewski.pl\/wp-content\/uploads\/2024\/08\/WEBINAR-jak-zdobyc-pierwsza-prace-jako-fizjoterapeuta-Krzysztof-Tabiszewski--1024x1024.png 1024w, https:\/\/sklep.krzysztoftabiszewski.pl\/wp-content\/uploads\/2024\/08\/WEBINAR-jak-zdobyc-pierwsza-prace-jako-fizjoterapeuta-Krzysztof-Tabiszewski--150x150.png 150w, https:\/\/sklep.krzysztoftabiszewski.pl\/wp-content\/uploads\/2024\/08\/WEBINAR-jak-zdobyc-pierwsza-prace-jako-fizjoterapeuta-Krzysztof-Tabiszewski--768x768.png 768w, https:\/\/sklep.krzysztoftabiszewski.pl\/wp-content\/uploads\/2024\/08\/WEBINAR-jak-zdobyc-pierwsza-prace-jako-fizjoterapeuta-Krzysztof-Tabiszewski--600x600.png 600w, https:\/\/sklep.krzysztoftabiszewski.pl\/wp-content\/uploads\/2024\/08\/WEBINAR-jak-zdobyc-pierwsza-prace-jako-fizjoterapeuta-Krzysztof-Tabiszewski--100x100.png 100w, https:\/\/sklep.krzysztoftabiszewski.pl\/wp-content\/uploads\/2024\/08\/WEBINAR-jak-zdobyc-pierwsza-prace-jako-fizjoterapeuta-Krzysztof-Tabiszewski-.png 1080w\" sizes=\"(max-width: 300px) 100vw, 300px\" \/><\/div>\n\t\t\t\t\t<div class=\"wc-block-grid__product-title\">WEBINAR: Jak zdoby\u0107 pierwsz\u0105 prac\u0119 jako fizjoterapeuta?<\/div>\n\t\t\t\t<\/a>\n\t\t\t\t<div class=\"wc-block-grid__product-price price\"><span class=\"woocommerce-Price-amount amount\">80,00&nbsp;<span class=\"woocommerce-Price-currencySymbol\">&#122;&#322;<\/span><\/span><\/div>\n\t\t\t\t\n\t\t\t\t<div class=\"wp-block-button wc-block-grid__product-add-to-cart\"><a href=\"?add-to-cart=206\" aria-label=\"Dodaj do koszyka: &bdquo;WEBINAR: Jak zdoby\u0107 pierwsz\u0105 prac\u0119 jako fizjoterapeuta?&rdquo;\" data-quantity=\"1\" data-product_id=\"206\" data-product_sku=\"\" data-price=\"80\" rel=\"nofollow\" class=\"wp-block-button__link wp-element-button add_to_cart_button ajax_add_to_cart\">Dodaj do koszyka<\/a><\/div>\n\t\t\t<\/li><\/ul><\/div><\/div><\/div>","protected":false},"excerpt":{"rendered":"","protected":false},"author":1,"featured_media":0,"parent":0,"menu_order":0,"comment_status":"closed","ping_status":"closed","template":"","meta":{"footnotes":""},"_links":{"self":[{"href":"https:\/\/sklep.krzysztoftabiszewski.pl\/index.php\/wp-json\/wp\/v2\/pages\/8"}],"collection":[{"href":"https:\/\/sklep.krzysztoftabiszewski.pl\/index.php\/wp-json\/wp\/v2\/pages"}],"about":[{"href":"https:\/\/sklep.krzysztoftabiszewski.pl\/index.php\/wp-json\/wp\/v2\/types\/page"}],"author":[{"embeddable":true,"href":"https:\/\/sklep.krzysztoftabiszewski.pl\/index.php\/wp-json\/wp\/v2\/users\/1"}],"replies":[{"embeddable":true,"href":"https:\/\/sklep.krzysztoftabiszewski.pl\/index.php\/wp-json\/wp\/v2\/comments?post=8"}],"version-history":[{"count":0,"href":"https:\/\/sklep.krzysztoftabiszewski.pl\/index.php\/wp-json\/wp\/v2\/pages\/8\/revisions"}],"wp:attachment":[{"href":"https:\/\/sklep.krzysztoftabiszewski.pl\/index.php\/wp-json\/wp\/v2\/media?parent=8"}],"curies":[{"name":"wp","href":"https:\/\/api.w.org\/{rel}","templated":true}]}}